{"id":3892,"date":"2020-01-13T11:17:52","date_gmt":"2020-01-13T11:17:52","guid":{"rendered":"https:\/\/demosites.io\/web-agency-gb\/?page_id=5"},"modified":"2025-09-26T19:38:42","modified_gmt":"2025-09-26T19:38:42","slug":"15c42-web-agency-gb-home","status":"publish","type":"page","link":"https:\/\/aseguramientodelacalidad.ufpso.edu.co\/","title":{"rendered":"Inicio"},"content":{"rendered":"\n<div class=\"wp-block-cover alignfull is-light\" style=\"min-height:564px;aspect-ratio:unset;\"><span aria-hidden=\"true\" class=\"wp-block-cover__background has-background-dim-40 has-background-dim\"><\/span><img loading=\"lazy\" decoding=\"async\" width=\"2560\" height=\"1920\" class=\"wp-block-cover__image-background wp-image-3956\" alt=\"\" src=\"https:\/\/aseguramientodelacalidad.ufpso.edu.co\/wp-content\/uploads\/2021\/10\/DJI_0008-scaled.jpg\" style=\"object-position:57% 73%\" data-object-fit=\"cover\" data-object-position=\"57% 73%\" srcset=\"https:\/\/aseguramientodelacalidad.ufpso.edu.co\/wp-content\/uploads\/2021\/10\/DJI_0008-scaled.jpg 2560w, https:\/\/aseguramientodelacalidad.ufpso.edu.co\/wp-content\/uploads\/2021\/10\/DJI_0008-300x225.jpg 300w, https:\/\/aseguramientodelacalidad.ufpso.edu.co\/wp-content\/uploads\/2021\/10\/DJI_0008-1024x768.jpg 1024w, https:\/\/aseguramientodelacalidad.ufpso.edu.co\/wp-content\/uploads\/2021\/10\/DJI_0008-768x576.jpg 768w, https:\/\/aseguramientodelacalidad.ufpso.edu.co\/wp-content\/uploads\/2021\/10\/DJI_0008-1536x1152.jpg 1536w, https:\/\/aseguramientodelacalidad.ufpso.edu.co\/wp-content\/uploads\/2021\/10\/DJI_0008-2048x1536.jpg 2048w\" sizes=\"auto, (max-width: 2560px) 100vw, 2560px\" \/><div class=\"wp-block-cover__inner-container is-layout-flow wp-block-cover-is-layout-flow\">\n<div style=\"height:80px\" aria-hidden=\"true\" class=\"wp-block-spacer\"><\/div>\n\n\n\n<h1 class=\"wp-block-heading has-text-align-center has-nv-site-bg-color has-text-color\"><strong>Aseguramiento<\/strong> de la Calidad<\/h1>\n\n\n\n<p class=\"has-text-align-center has-nv-site-bg-color has-text-color\" style=\"font-size:17px\"><strong>Universidad Francisco de Paula Santander Seccional Oca\u00f1a<\/strong><\/p>\n\n\n\n<div class=\"wp-block-buttons button-grid wp-block-button is-horizontal is-content-justification-center is-layout-flex wp-container-core-buttons-is-layout-1 wp-block-buttons-is-layout-flex\">\n<div class=\"wp-block-button is-style-primary\"><a class=\"wp-block-button__link has-nv-site-bg-color has-text-color has-background has-text-align-center wp-element-button\" href=\"https:\/\/aseguramientodelacalidad.ufpso.edu.co\/?page_id=3975\" style=\"border-radius:5px;background-color:#d41224\">Acreditaci\u00f3n internacional<\/a><\/div>\n\n\n\n<div class=\"wp-block-button is-style-primary\"><a class=\"wp-block-button__link has-nv-site-bg-color has-text-color has-background has-text-align-center wp-element-button\" href=\"https:\/\/aseguramientodelacalidad.ufpso.edu.co\/?page_id=3898\" style=\"border-radius:5px;background-color:#d41224\">Acreditaci\u00f3n Nacional<\/a><\/div>\n\n\n\n<div class=\"wp-block-button is-style-primary\"><a class=\"wp-block-button__link has-nv-site-bg-color has-text-color has-background has-text-align-center wp-element-button\" href=\"https:\/\/ufpso.edu.co\/autoevaluacion\/Documentos\" style=\"border-radius:5px;background-color:#d41224\">normativa<\/a><\/div>\n\n\n\n<div class=\"wp-block-button is-style-primary\"><a class=\"wp-block-button__link has-nv-site-bg-color has-text-color has-background has-text-align-center wp-element-button\" href=\"https:\/\/aseguramientodelacalidad.ufpso.edu.co\/?page_id=3973\" style=\"border-radius:5px;background-color:#d41224\">Siac<\/a><\/div>\n<\/div>\n<\/div><\/div>\n\n\n\n<h2 class=\"wp-block-heading has-text-align-center title-top-padding has-text-color\" style=\"color:#ce1326\">Bienvenida<\/h2>\n\n\n\n<div class=\"wp-block-group text-justify\"><div class=\"wp-block-group__inner-container is-layout-constrained wp-block-group-is-layout-constrained\">\n<p>La Universidad Francisco de Paula Santander seccional Oca\u00f1a les da una cordial bienvenida a este espacio virtual, dise\u00f1ado para fortalecer y fomentar la participaci\u00f3n, comunicaci\u00f3n y el f\u00e1cil acceso a la informaci\u00f3n de nuestra comunidad Universitaria.<\/p>\n\n\n\n<p>En este micrositio obtendr\u00e1s acceso a los procesos de Autoevaluaci\u00f3n permanente con fines de acreditaci\u00f3n (Institucional y de programas acad\u00e9micos) as\u00ed, como tambi\u00e9n al Sistema Interno de Aseguramiento de la Calidad (SIAC) enlazados a contenido actualizado, recursos y herramientas que apoyan y garantizan la transparencia, participaci\u00f3n y trazabilidad de los avances de los procesos acad\u00e9micos, investigativos, de proyecci\u00f3n social y de aseguramiento de la calidad.<\/p>\n\n\n\n<p>Esto es un reflejo de nuestro compromiso con la excelencia acad\u00e9mica, inclusi\u00f3n y confiabilidad, valores que nos inspiran en la construcci\u00f3n de una universidad m\u00e1s cercana, innovadora e inclusiva, obteniendo grandes logros y generando impacto regional, nacional e internacional.<\/p>\n\n\n\n<p>Los invitamos a explorar cada una de las secciones disponibles y hacer de este espacio un punto de encuentro donde se pueda compartir experiencias, fortalecer los procesos y seguir avanzando juntos hacia una educaci\u00f3n superior de alta calidad.<\/p>\n<\/div><\/div>\n\n\n\n<div class=\"wp-block-cover alignfull is-light\" style=\"min-height:600px;aspect-ratio:unset;\"><span aria-hidden=\"true\" class=\"wp-block-cover__background has-nv-light-bg-background-color has-background-dim-100 has-background-dim\"><\/span><div class=\"wp-block-cover__inner-container is-layout-flow wp-block-cover-is-layout-flow\">\n<div class=\"wp-block-group\"><div class=\"wp-block-group__inner-container is-layout-constrained wp-block-group-is-layout-constrained\">\n<div class=\"wp-block-columns are-vertically-aligned-center is-layout-flex wp-container-core-columns-is-layout-1 wp-block-columns-is-layout-flex\">\n<div class=\"wp-block-column is-vertically-aligned-center is-layout-flow wp-block-column-is-layout-flow\" style=\"flex-basis:50%\">\n<figure class=\"wp-block-image size-full image-padding is-style-default\"><img loading=\"lazy\" decoding=\"async\" width=\"838\" height=\"694\" src=\"https:\/\/aseguramientodelacalidad.ufpso.edu.co\/wp-content\/uploads\/2025\/09\/Imagen5.png\" alt=\"Programas acad\u00e9micos acreditados de la UFPSO\" class=\"wp-image-4198\" srcset=\"https:\/\/aseguramientodelacalidad.ufpso.edu.co\/wp-content\/uploads\/2025\/09\/Imagen5.png 838w, https:\/\/aseguramientodelacalidad.ufpso.edu.co\/wp-content\/uploads\/2025\/09\/Imagen5-300x248.png 300w, https:\/\/aseguramientodelacalidad.ufpso.edu.co\/wp-content\/uploads\/2025\/09\/Imagen5-768x636.png 768w\" sizes=\"auto, (max-width: 838px) 100vw, 838px\" \/><\/figure>\n<\/div>\n\n\n\n<div class=\"wp-block-column is-vertically-aligned-center is-layout-flow wp-block-column-is-layout-flow\" style=\"flex-basis:50%\">\n<div class=\"wp-block-group is-vertical is-layout-flex wp-container-core-group-is-layout-2 wp-block-group-is-layout-flex\">\n<h3 class=\"wp-block-heading has-text-align-left has-neve-text-color-color has-text-color\">Programas acad\u00e9micos acreditados<\/h3>\n\n\n\n<p class=\"has-text-align-left has-neve-text-color-color has-text-color\" style=\"font-size:16px\">Desde el a\u00f1o 2018 nuestra instituci\u00f3n cuenta con cuatro programas acad\u00e9micos acreditados en alta calidad.<\/p>\n\n\n\n<div class=\"wp-block-buttons is-horizontal is-content-justification-left is-layout-flex wp-container-core-buttons-is-layout-2 wp-block-buttons-is-layout-flex\">\n<div class=\"wp-block-button is-style-primary\"><a class=\"wp-block-button__link has-nv-site-bg-color has-text-color has-background wp-element-button\" href=\"https:\/\/aseguramientodelacalidad.ufpso.edu.co\/?page_id=4112\" style=\"border-radius:5px;background-color:#d41224\">Ver m\u00e1s<\/a><\/div>\n<\/div>\n<\/div>\n<\/div>\n<\/div>\n<\/div><\/div>\n<\/div><\/div>\n\n\n\n<div class=\"wp-block-cover alignfull is-light\" style=\"min-height:658px;aspect-ratio:unset;\"><span aria-hidden=\"true\" class=\"wp-block-cover__background has-nv-site-bg-background-color has-background-dim-100 has-background-dim\"><\/span><div class=\"wp-block-cover__inner-container is-layout-flow wp-block-cover-is-layout-flow\">\n<div class=\"wp-block-group\"><div class=\"wp-block-group__inner-container is-layout-flow wp-block-group-is-layout-flow\">\n<div class=\"wp-block-columns are-vertically-aligned-center is-layout-flex wp-container-core-columns-is-layout-2 wp-block-columns-is-layout-flex\">\n<div class=\"wp-block-column is-vertically-aligned-center is-layout-flow wp-block-column-is-layout-flow\" style=\"flex-basis:50%\">\n<h3 class=\"wp-block-heading has-text-align-left subtitle-top-padding has-neve-text-color-color has-text-color\">Sistema Interno de Aseguramiento de la Calidad<\/h3>\n\n\n\n<p class=\"has-text-align-left has-neve-text-color-color has-text-color\" style=\"font-size:16px\">La Universidad Francisco de Paula Santander seccional Oca\u00f1a trabaja de forma articulada con cada una de sus dependencias en la consolidaci\u00f3n de la alta calidad educativa, fortaleciendo de forma permanente sus procesos acad\u00e9micos, administrativos y financieros, orientados a la autorregulaci\u00f3n y la mejora continua.<\/p>\n\n\n\n<div class=\"wp-block-buttons is-horizontal is-content-justification-left is-layout-flex wp-container-core-buttons-is-layout-3 wp-block-buttons-is-layout-flex\">\n<div class=\"wp-block-button is-style-primary\"><a class=\"wp-block-button__link has-nv-site-bg-color has-text-color has-background wp-element-button\" href=\"https:\/\/aseguramientodelacalidad.ufpso.edu.co\/?page_id=3973\" style=\"border-radius:5px;background-color:#d41224\">Ver m\u00e1s<\/a><\/div>\n<\/div>\n\n\n\n<div style=\"height:40px\" aria-hidden=\"true\" class=\"wp-block-spacer\"><\/div>\n<\/div>\n\n\n\n<div class=\"wp-block-column is-vertically-aligned-center is-layout-flow wp-block-column-is-layout-flow\" style=\"flex-basis:50%\">\n<figure class=\"wp-block-image size-large\"><img loading=\"lazy\" decoding=\"async\" width=\"1024\" height=\"576\" src=\"https:\/\/aseguramientodelacalidad.ufpso.edu.co\/wp-content\/uploads\/2025\/09\/NVM4GU5K7RGCTMRMCTJZZDPBQQ-1024x576.jpg\" alt=\"\" class=\"wp-image-4201\" srcset=\"https:\/\/aseguramientodelacalidad.ufpso.edu.co\/wp-content\/uploads\/2025\/09\/NVM4GU5K7RGCTMRMCTJZZDPBQQ-1024x576.jpg 1024w, https:\/\/aseguramientodelacalidad.ufpso.edu.co\/wp-content\/uploads\/2025\/09\/NVM4GU5K7RGCTMRMCTJZZDPBQQ-300x169.jpg 300w, https:\/\/aseguramientodelacalidad.ufpso.edu.co\/wp-content\/uploads\/2025\/09\/NVM4GU5K7RGCTMRMCTJZZDPBQQ-768x432.jpg 768w, https:\/\/aseguramientodelacalidad.ufpso.edu.co\/wp-content\/uploads\/2025\/09\/NVM4GU5K7RGCTMRMCTJZZDPBQQ.avif 1280w\" sizes=\"auto, (max-width: 1024px) 100vw, 1024px\" \/><\/figure>\n<\/div>\n<\/div>\n<\/div><\/div>\n\n\n\n<div class=\"wp-block-cover alignfull is-light\" style=\"min-height:600px;aspect-ratio:unset;\"><span aria-hidden=\"true\" class=\"wp-block-cover__background has-nv-light-bg-background-color has-background-dim-100 has-background-dim\"><\/span><div class=\"wp-block-cover__inner-container is-layout-flow wp-block-cover-is-layout-flow\">\n<div class=\"wp-block-group\"><div class=\"wp-block-group__inner-container is-layout-flow wp-block-group-is-layout-flow\">\n<figure class=\"wp-block-image size-large\"><img loading=\"lazy\" decoding=\"async\" width=\"1024\" height=\"321\" src=\"https:\/\/aseguramientodelacalidad.ufpso.edu.co\/wp-content\/uploads\/2025\/09\/banner-autoevaluacion--1024x321.png\" alt=\"Banner de autoevaluaci\u00f3n\" class=\"wp-image-4217\" style=\"object-fit:cover\" srcset=\"https:\/\/aseguramientodelacalidad.ufpso.edu.co\/wp-content\/uploads\/2025\/09\/banner-autoevaluacion--1024x321.png 1024w, https:\/\/aseguramientodelacalidad.ufpso.edu.co\/wp-content\/uploads\/2025\/09\/banner-autoevaluacion--300x94.png 300w, https:\/\/aseguramientodelacalidad.ufpso.edu.co\/wp-content\/uploads\/2025\/09\/banner-autoevaluacion--768x240.png 768w, https:\/\/aseguramientodelacalidad.ufpso.edu.co\/wp-content\/uploads\/2025\/09\/banner-autoevaluacion-.png 1067w\" sizes=\"auto, (max-width: 1024px) 100vw, 1024px\" \/><\/figure>\n<\/div><\/div>\n\n\n\n<div style=\"height:20px\" aria-hidden=\"true\" class=\"wp-block-spacer\"><\/div>\n\n\n\n<div class=\"wp-block-buttons is-content-justification-center is-layout-flex wp-container-core-buttons-is-layout-4 wp-block-buttons-is-layout-flex\">\n<div class=\"wp-block-button is-style-primary\"><a class=\"wp-block-button__link has-nv-site-bg-color has-text-color has-background has-link-color wp-element-button\" href=\"https:\/\/aseguramientodelacalidad.ufpso.edu.co\/?page_id=3896\" style=\"border-radius:5px;background-color:#d41224\">Ver m\u00e1s<\/a><\/div>\n<\/div>\n<\/div><\/div>\n<\/div><\/div>\n\n\n\n<div class=\"wp-block-cover alignfull is-light\" style=\"min-height:600px;aspect-ratio:unset;\"><span aria-hidden=\"true\" class=\"wp-block-cover__background has-nv-dark-bg-background-color has-background-dim-100 has-background-dim\"><\/span><div class=\"wp-block-cover__inner-container is-layout-flow wp-block-cover-is-layout-flow\">\n<div class=\"wp-block-group\"><div class=\"wp-block-group__inner-container is-layout-flow wp-block-group-is-layout-flow\">\n<div class=\"wp-block-columns are-vertically-aligned-center is-layout-flex wp-container-core-columns-is-layout-3 wp-block-columns-is-layout-flex\">\n<div class=\"wp-block-column is-vertically-aligned-center is-layout-flow wp-block-column-is-layout-flow\" style=\"flex-basis:50%\">\n<figure class=\"wp-block-embed is-type-video is-provider-youtube wp-block-embed-youtube wp-embed-aspect-16-9 wp-has-aspect-ratio\"><div class=\"wp-block-embed__wrapper\">\n<div class=\"nv-iframe-embed\"><iframe loading=\"lazy\" title=\"V\u00eddeo Institucional de la UFPS Seccional Oca\u00f1a\" width=\"1200\" height=\"675\" src=\"https:\/\/www.youtube.com\/embed\/cf3QtsI5fKE?feature=oembed\" frameborder=\"0\" allow=\"accelerometer; autoplay; clipboard-write; encrypted-media; gyroscope; picture-in-picture; web-share\" referrerpolicy=\"strict-origin-when-cross-origin\" allowfullscreen><\/iframe><\/div>\n<\/div><\/figure>\n<\/div>\n\n\n\n<div class=\"wp-block-column is-vertically-aligned-center is-layout-flow wp-block-column-is-layout-flow\" style=\"flex-basis:50%\">\n<div style=\"height:40px\" aria-hidden=\"true\" class=\"wp-block-spacer\"><\/div>\n\n\n\n<h2 class=\"wp-block-heading has-text-align-left has-nv-text-dark-bg-color has-text-color\">Video Institucional<\/h2>\n\n\n\n<div class=\"wp-block-buttons is-horizontal is-content-justification-left is-layout-flex wp-container-core-buttons-is-layout-5 wp-block-buttons-is-layout-flex\"><\/div>\n<\/div>\n<\/div>\n\n\n\n<div style=\"height:40px\" aria-hidden=\"true\" class=\"wp-block-spacer\"><\/div>\n<\/div><\/div>\n<\/div><\/div>\n\n\n\n<p><\/p>\n","protected":false},"excerpt":{"rendered":"<p>Bienvenida La Universidad Francisco de Paula Santander seccional Oca\u00f1a les da una cordial bienvenida a este espacio virtual, dise\u00f1ado para fortalecer y fomentar la participaci\u00f3n, comunicaci\u00f3n y el f\u00e1cil acceso a la informaci\u00f3n de nuestra comunidad Universitaria. En este micrositio obtendr\u00e1s acceso a los procesos de Autoevaluaci\u00f3n permanente con fines de acreditaci\u00f3n (Institucional y de&hellip;&nbsp;<a href=\"https:\/\/aseguramientodelacalidad.ufpso.edu.co\/\" class=\"\" rel=\"bookmark\">Read More &raquo;<span class=\"screen-reader-text\">Inicio<\/span><\/a><\/p>\n","protected":false},"author":1,"featured_media":0,"parent":0,"menu_order":0,"comment_status":"closed","ping_status":"closed","template":"","meta":{"neve_meta_sidebar":"default","neve_meta_container":"default","neve_meta_enable_content_width":"on","neve_meta_content_width":100,"neve_meta_title_alignment":"","neve_meta_author_avatar":"","neve_post_elements_order":"","neve_meta_disable_header":"","neve_meta_disable_footer":"","neve_meta_disable_title":"on","footnotes":""},"class_list":["post-3892","page","type-page","status-publish","hentry"],"_links":{"self":[{"href":"https:\/\/aseguramientodelacalidad.ufpso.edu.co\/index.php?rest_route=\/wp\/v2\/pages\/3892","targetHints":{"allow":["GET"]}}],"collection":[{"href":"https:\/\/aseguramientodelacalidad.ufpso.edu.co\/index.php?rest_route=\/wp\/v2\/pages"}],"about":[{"href":"https:\/\/aseguramientodelacalidad.ufpso.edu.co\/index.php?rest_route=\/wp\/v2\/types\/page"}],"author":[{"embeddable":true,"href":"https:\/\/aseguramientodelacalidad.ufpso.edu.co\/index.php?rest_route=\/wp\/v2\/users\/1"}],"replies":[{"embeddable":true,"href":"https:\/\/aseguramientodelacalidad.ufpso.edu.co\/index.php?rest_route=%2Fwp%2Fv2%2Fcomments&post=3892"}],"version-history":[{"count":49,"href":"https:\/\/aseguramientodelacalidad.ufpso.edu.co\/index.php?rest_route=\/wp\/v2\/pages\/3892\/revisions"}],"predecessor-version":[{"id":4351,"href":"https:\/\/aseguramientodelacalidad.ufpso.edu.co\/index.php?rest_route=\/wp\/v2\/pages\/3892\/revisions\/4351"}],"wp:attachment":[{"href":"https:\/\/aseguramientodelacalidad.ufpso.edu.co\/index.php?rest_route=%2Fwp%2Fv2%2Fmedia&parent=3892"}],"curies":[{"name":"wp","href":"https:\/\/api.w.org\/{rel}","templated":true}]}}