{"id":3896,"date":"2020-01-23T18:21:52","date_gmt":"2020-01-23T18:21:52","guid":{"rendered":"https:\/\/demosites.io\/web-agency-gb\/?page_id=61"},"modified":"2025-09-18T16:30:03","modified_gmt":"2025-09-18T16:30:03","slug":"15c42-web-agency-gb-about-us","status":"publish","type":"page","link":"https:\/\/aseguramientodelacalidad.ufpso.edu.co\/?page_id=3896","title":{"rendered":"Acreditaci\u00f3n Institucional"},"content":{"rendered":"\n<h1 class=\"wp-block-heading\">Acreditaci\u00f3n Institucional<\/h1>\n\n\n\n<p>En la Universidad Francisco de Paula Santander Seccional Oca\u00f1a, el proceso de Acreditaci\u00f3n Institucional fue un proceso asumido con responsabilidad por los diferentes grupos de inter\u00e9s y la comunidad universitaria, el mismo posibilit\u00f3 diferentes miradas sobre el quehacer institucional, los resultados, logros e impactos obtenidos, desarrollando herramientas estrat\u00e9gicas para la consolidaci\u00f3n como una universidad pertinente, inclusiva y comprometida con el desarrollo sostenible regional, nacional e internacional.<\/p>\n\n\n<div class=\"wp-block-image\">\n<figure class=\"aligncenter size-large is-resized\"><img loading=\"lazy\" decoding=\"async\" width=\"1024\" height=\"556\" src=\"https:\/\/aseguramientodelacalidad.ufpso.edu.co\/wp-content\/uploads\/2025\/09\/image-4-1024x556.png\" alt=\"\" class=\"wp-image-4242\" style=\"width:619px;height:auto\" srcset=\"https:\/\/aseguramientodelacalidad.ufpso.edu.co\/wp-content\/uploads\/2025\/09\/image-4-1024x556.png 1024w, https:\/\/aseguramientodelacalidad.ufpso.edu.co\/wp-content\/uploads\/2025\/09\/image-4-300x163.png 300w, https:\/\/aseguramientodelacalidad.ufpso.edu.co\/wp-content\/uploads\/2025\/09\/image-4-768x417.png 768w, https:\/\/aseguramientodelacalidad.ufpso.edu.co\/wp-content\/uploads\/2025\/09\/image-4.png 1215w\" sizes=\"auto, (max-width: 1024px) 100vw, 1024px\" \/><figcaption class=\"wp-element-caption\"><em>PEI fuente del direccionamiento estrat\u00e9gico de la UFPSO<\/em><\/figcaption><\/figure><\/div>\n\n\n<p>En este sentido, la Seccional reconoce en el proceso de acreditaci\u00f3n institucional de alta calidad la oportunidad de presentar su proceso de transformaci\u00f3n en pro del cumplimiento de sus prop\u00f3sitos misionales y su compromiso con sus diferentes grupos de inter\u00e9s, su contexto, en el marco de su territorialidad y diversidad.<\/p>\n\n\n\n<div class=\"wp-block-media-text is-stacked-on-mobile\"><figure class=\"wp-block-media-text__media\"><img loading=\"lazy\" decoding=\"async\" width=\"759\" height=\"867\" src=\"https:\/\/aseguramientodelacalidad.ufpso.edu.co\/wp-content\/uploads\/2025\/09\/Imagen1-2.png\" alt=\"\" class=\"wp-image-4233 size-full\" srcset=\"https:\/\/aseguramientodelacalidad.ufpso.edu.co\/wp-content\/uploads\/2025\/09\/Imagen1-2.png 759w, https:\/\/aseguramientodelacalidad.ufpso.edu.co\/wp-content\/uploads\/2025\/09\/Imagen1-2-263x300.png 263w\" sizes=\"auto, (max-width: 759px) 100vw, 759px\" \/><\/figure><div class=\"wp-block-media-text__content\">\n<p>Representaci\u00f3n de los objetivos institucionales, concebidos en la filosof\u00eda de la UFPS seccional Oca\u00f1a y que permiten el quehacer institucional.<\/p>\n\n\n\n<div class=\"wp-block-buttons alignwide is-content-justification-center is-layout-flex wp-container-core-buttons-is-layout-1 wp-block-buttons-is-layout-flex\">\n<div class=\"wp-block-button is-style-primary\"><a class=\"wp-block-button__link has-nv-site-bg-color has-text-color has-background has-link-color wp-element-button\" href=\"https:\/\/ufpso.edu.co\/ftp\/pdf\/documentos\/Plan-desarrollo\/PDI_2020_2030_UFPS-C%C3%BAcuta-Oca%C3%B1a..pdf\" style=\"background-color:#d41224\">PDI<\/a><\/div>\n\n\n\n<div class=\"wp-block-button is-style-primary\"><a class=\"wp-block-button__link has-nv-site-bg-color has-text-color has-background has-link-color wp-element-button\" href=\"https:\/\/ufpso.edu.co\/ftp\/pdf\/documentos\/PEI-UFPSO-actualizado-2021v2.pdf\" style=\"background-color:#d41224\">PEI<\/a><\/div>\n<\/div>\n<\/div><\/div>\n\n\n\n<p>En este mismo sentido, la UFPSO ha priorizado la sostenibilidad institucional, evidenciada en una administraci\u00f3n transparente, la optimizaci\u00f3n de recursos y la promoci\u00f3n del bienestar de su comunidad. Adem\u00e1s, su compromiso con la inclusi\u00f3n social y la responsabilidad territorial le ha permitido fortalecer su v\u00ednculo con los diversos grupos de inter\u00e9s, garantizando que la universidad responda a las necesidades y expectativas de su contexto local, regional e internacional.<\/p>\n\n\n\n<figure class=\"wp-block-image size-full\"><img loading=\"lazy\" decoding=\"async\" width=\"1024\" height=\"768\" src=\"https:\/\/aseguramientodelacalidad.ufpso.edu.co\/wp-content\/uploads\/2025\/09\/grafica-proceso-paso-a-paso-simple-verde-oscuro.png\" alt=\"\" class=\"wp-image-4262\" srcset=\"https:\/\/aseguramientodelacalidad.ufpso.edu.co\/wp-content\/uploads\/2025\/09\/grafica-proceso-paso-a-paso-simple-verde-oscuro.png 1024w, https:\/\/aseguramientodelacalidad.ufpso.edu.co\/wp-content\/uploads\/2025\/09\/grafica-proceso-paso-a-paso-simple-verde-oscuro-300x225.png 300w, https:\/\/aseguramientodelacalidad.ufpso.edu.co\/wp-content\/uploads\/2025\/09\/grafica-proceso-paso-a-paso-simple-verde-oscuro-768x576.png 768w\" sizes=\"auto, (max-width: 1024px) 100vw, 1024px\" \/><\/figure>\n\n\n\n<h2 class=\"wp-block-heading\">Socializaci\u00f3n<\/h2>\n\n\n\n<figure class=\"wp-block-gallery has-nested-images columns-default is-cropped wp-block-gallery-1 is-layout-flex wp-block-gallery-is-layout-flex\">\n<figure class=\"wp-block-image size-full\"><img loading=\"lazy\" decoding=\"async\" width=\"1218\" height=\"963\" data-id=\"4158\" src=\"https:\/\/aseguramientodelacalidad.ufpso.edu.co\/wp-content\/uploads\/2025\/09\/Imagen2-1.png\" alt=\"\" class=\"wp-image-4158\" srcset=\"https:\/\/aseguramientodelacalidad.ufpso.edu.co\/wp-content\/uploads\/2025\/09\/Imagen2-1.png 1218w, https:\/\/aseguramientodelacalidad.ufpso.edu.co\/wp-content\/uploads\/2025\/09\/Imagen2-1-300x237.png 300w, https:\/\/aseguramientodelacalidad.ufpso.edu.co\/wp-content\/uploads\/2025\/09\/Imagen2-1-1024x810.png 1024w, https:\/\/aseguramientodelacalidad.ufpso.edu.co\/wp-content\/uploads\/2025\/09\/Imagen2-1-768x607.png 768w\" sizes=\"auto, (max-width: 1218px) 100vw, 1218px\" \/><\/figure>\n<\/figure>\n\n\n\n<div class=\"wp-block-cover alignfull is-light\" style=\"min-height:420px;aspect-ratio:unset;\"><span aria-hidden=\"true\" class=\"wp-block-cover__background has-nv-site-bg-background-color has-background-dim-100 has-background-dim\"><\/span><div class=\"wp-block-cover__inner-container is-layout-flow wp-block-cover-is-layout-flow\">\n<div class=\"wp-block-columns is-layout-flex wp-container-core-columns-is-layout-1 wp-block-columns-is-layout-flex\">\n<div class=\"wp-block-column ticss-4ce656f1 is-layout-flow wp-block-column-is-layout-flow\">\n<figure class=\"wp-block-image size-large is-resized icon-style is-style-default\"><img decoding=\"async\" src=\"https:\/\/s33834.pcdn.co\/wp-content\/uploads\/2020\/12\/check-solid-1.svg\" alt=\"\" style=\"width:48px;height:48px\"\/><\/figure>\n\n\n\n<h3 class=\"wp-block-heading has-text-align-left has-text-align-center has-neve-text-color-color has-text-color\">Excelencia acad\u00e9mica<\/h3>\n\n\n\n<p class=\"has-text-align-left has-neve-text-color-color has-text-color\" style=\"font-size:15px\">Garantiza formaci\u00f3n integral y programas de alta calidad.<\/p>\n\n\n\n<div style=\"height:20px\" aria-hidden=\"true\" class=\"wp-block-spacer\"><\/div>\n<\/div>\n\n\n\n<div class=\"wp-block-column ticss-f6fc7494 is-layout-flow wp-block-column-is-layout-flow\">\n<figure class=\"wp-block-image size-large is-resized icon-style is-style-rounded\"><img decoding=\"async\" src=\"https:\/\/s33834.pcdn.co\/wp-content\/uploads\/2020\/12\/check-solid-1.svg\" alt=\"\" style=\"width:48px;height:48px\"\/><\/figure>\n\n\n\n<h3 class=\"wp-block-heading has-text-align-left has-text-align-center has-neve-text-color-color has-text-color\">Mejora Continua<\/h3>\n\n\n\n<p class=\"has-text-align-left has-neve-text-color-color has-text-color\" style=\"font-size:15px\">Promueve la autoevaluaci\u00f3n e innovaci\u00f3n permanente.<\/p>\n\n\n\n<div style=\"height:20px\" aria-hidden=\"true\" class=\"wp-block-spacer\"><\/div>\n<\/div>\n\n\n\n<div class=\"wp-block-column ticss-a5b4df29 is-layout-flow wp-block-column-is-layout-flow\">\n<figure class=\"wp-block-image size-large is-resized icon-style is-style-rounded\"><img decoding=\"async\" src=\"https:\/\/s33834.pcdn.co\/wp-content\/uploads\/2020\/12\/check-solid-1.svg\" alt=\"\" style=\"width:48px;height:48px\"\/><\/figure>\n\n\n\n<h3 class=\"wp-block-heading has-text-align-left has-text-align-center has-neve-text-color-color has-text-color\">Reconocimiento y confianza<\/h3>\n\n\n\n<p class=\"has-text-align-left has-neve-text-color-color has-text-color\" style=\"font-size:15px\">Otorga distinci\u00f3n y valida el compromiso con la calidad.<\/p>\n\n\n\n<div style=\"height:20px\" aria-hidden=\"true\" class=\"wp-block-spacer\"><\/div>\n<\/div>\n<\/div>\n<\/div><\/div>\n\n\n\n<div class=\"wp-block-cover is-light has-nv-site-bg-color has-text-color has-link-color wp-elements-39119167331813b7dc052301e8a331d3\"><span aria-hidden=\"true\" class=\"wp-block-cover__background has-background-dim-80 has-background-dim\" style=\"background-color:#879090\"><\/span><img loading=\"lazy\" decoding=\"async\" width=\"2560\" height=\"800\" class=\"wp-block-cover__image-background wp-image-4229\" alt=\"\" src=\"https:\/\/aseguramientodelacalidad.ufpso.edu.co\/wp-content\/uploads\/2025\/09\/banner-plan-de-desarrollo-1-scaled.jpg\" data-object-fit=\"cover\" srcset=\"https:\/\/aseguramientodelacalidad.ufpso.edu.co\/wp-content\/uploads\/2025\/09\/banner-plan-de-desarrollo-1-scaled.jpg 2560w, https:\/\/aseguramientodelacalidad.ufpso.edu.co\/wp-content\/uploads\/2025\/09\/banner-plan-de-desarrollo-1-300x94.jpg 300w, https:\/\/aseguramientodelacalidad.ufpso.edu.co\/wp-content\/uploads\/2025\/09\/banner-plan-de-desarrollo-1-1024x320.jpg 1024w, https:\/\/aseguramientodelacalidad.ufpso.edu.co\/wp-content\/uploads\/2025\/09\/banner-plan-de-desarrollo-1-768x240.jpg 768w, https:\/\/aseguramientodelacalidad.ufpso.edu.co\/wp-content\/uploads\/2025\/09\/banner-plan-de-desarrollo-1-1536x480.jpg 1536w, https:\/\/aseguramientodelacalidad.ufpso.edu.co\/wp-content\/uploads\/2025\/09\/banner-plan-de-desarrollo-1-2048x640.jpg 2048w\" sizes=\"auto, (max-width: 2560px) 100vw, 2560px\" \/><div class=\"wp-block-cover__inner-container is-layout-constrained wp-block-cover-is-layout-constrained\">\n<p class=\"has-text-align-center has-medium-font-size\"><a href=\"https:\/\/www.ufpso.edu.co\/\" data-type=\"page\" data-id=\"4231\"><strong>Conoce m\u00e1s sobre la UFPSO<\/strong><\/a><\/p>\n<\/div><\/div>\n\n\n\n<p><\/p>\n","protected":false},"excerpt":{"rendered":"<p>Acreditaci\u00f3n Institucional En la Universidad Francisco de Paula Santander Seccional Oca\u00f1a, el proceso de Acreditaci\u00f3n Institucional fue un proceso asumido con responsabilidad por los diferentes grupos de inter\u00e9s y la comunidad universitaria, el mismo posibilit\u00f3 diferentes miradas sobre el quehacer institucional, los resultados, logros e impactos obtenidos, desarrollando herramientas estrat\u00e9gicas para la consolidaci\u00f3n como una&hellip;&nbsp;<a href=\"https:\/\/aseguramientodelacalidad.ufpso.edu.co\/?page_id=3896\" class=\"\" rel=\"bookmark\">Read More &raquo;<span class=\"screen-reader-text\">Acreditaci\u00f3n Institucional<\/span><\/a><\/p>\n","protected":false},"author":1,"featured_media":0,"parent":0,"menu_order":0,"comment_status":"closed","ping_status":"closed","template":"","meta":{"neve_meta_sidebar":"default","neve_meta_container":"default","neve_meta_enable_content_width":"on","neve_meta_content_width":100,"neve_meta_title_alignment":"","neve_meta_author_avatar":"","neve_post_elements_order":"","neve_meta_disable_header":"","neve_meta_disable_footer":"","neve_meta_disable_title":"on","footnotes":""},"class_list":["post-3896","page","type-page","status-publish","hentry"],"_links":{"self":[{"href":"https:\/\/aseguramientodelacalidad.ufpso.edu.co\/index.php?rest_route=\/wp\/v2\/pages\/3896","targetHints":{"allow":["GET"]}}],"collection":[{"href":"https:\/\/aseguramientodelacalidad.ufpso.edu.co\/index.php?rest_route=\/wp\/v2\/pages"}],"about":[{"href":"https:\/\/aseguramientodelacalidad.ufpso.edu.co\/index.php?rest_route=\/wp\/v2\/types\/page"}],"author":[{"embeddable":true,"href":"https:\/\/aseguramientodelacalidad.ufpso.edu.co\/index.php?rest_route=\/wp\/v2\/users\/1"}],"replies":[{"embeddable":true,"href":"https:\/\/aseguramientodelacalidad.ufpso.edu.co\/index.php?rest_route=%2Fwp%2Fv2%2Fcomments&post=3896"}],"version-history":[{"count":18,"href":"https:\/\/aseguramientodelacalidad.ufpso.edu.co\/index.php?rest_route=\/wp\/v2\/pages\/3896\/revisions"}],"predecessor-version":[{"id":4274,"href":"https:\/\/aseguramientodelacalidad.ufpso.edu.co\/index.php?rest_route=\/wp\/v2\/pages\/3896\/revisions\/4274"}],"wp:attachment":[{"href":"https:\/\/aseguramientodelacalidad.ufpso.edu.co\/index.php?rest_route=%2Fwp%2Fv2%2Fmedia&parent=3896"}],"curies":[{"name":"wp","href":"https:\/\/api.w.org\/{rel}","templated":true}]}}