{"id":3971,"date":"2021-10-20T16:01:54","date_gmt":"2021-10-20T16:01:54","guid":{"rendered":"https:\/\/aseguramientodelacalidad.ufpso.edu.co\/?page_id=3971"},"modified":"2025-09-18T16:31:29","modified_gmt":"2025-09-18T16:31:29","slug":"registro-calificado-programas","status":"publish","type":"page","link":"https:\/\/aseguramientodelacalidad.ufpso.edu.co\/?page_id=3971","title":{"rendered":"Registro calificado programas acad\u00e9micos"},"content":{"rendered":"\n<p>En la Universidad Francisco de Paula Santander seccional Oca\u00f1a, el registro calificado representa el aval otorgado por el Ministerio de Educaci\u00f3n Nacional que garantiza que nuestros programas acad\u00e9micos cumplen con los est\u00e1ndares de calidad exigidos para su oferta y desarrollo. Este reconocimiento asegura que la formaci\u00f3n impartida responde a los criterios de pertinencia, solidez acad\u00e9mica y proyecci\u00f3n social, fortaleciendo el compromiso institucional con la excelencia educativa.<\/p>\n\n\n\n<p>Este registro es otorgado por un periodo de 7 a\u00f1os y su renovaci\u00f3n depende de los procesos de autoevaluaci\u00f3n y mejora contin\u00faa desarrollados por la instituci\u00f3n en coherencia con el SIAG.<\/p>\n\n\n\n<p>A continuaci\u00f3n, se relacionan los programas acad\u00e9micos con su registro calificado vigente.<\/p>\n\n\n\n<figure class=\"wp-block-table\"><table class=\"has-fixed-layout\"><thead><tr><th class=\"has-text-align-center\" data-align=\"center\">PROGRAMA ACAD\u00c9MICO<\/th><th class=\"has-text-align-center\" data-align=\"center\">RESOLUCI\u00d3N\/ACUERDO<\/th><th class=\"has-text-align-center\" data-align=\"center\">VIGENCIA<\/th><\/tr><\/thead><tbody><tr><td class=\"has-text-align-center\" data-align=\"center\">Administraci\u00f3n de Empresas<\/td><td class=\"has-text-align-center\" data-align=\"center\">Resoluci\u00f3n No. 008578<\/td><td class=\"has-text-align-center\" data-align=\"center\">2023-2030<\/td><\/tr><tr><td class=\"has-text-align-center\" data-align=\"center\">Comunicaci\u00f3n Social<\/td><td class=\"has-text-align-center\" data-align=\"center\">Resoluci\u00f3n No. 010253<\/td><td class=\"has-text-align-center\" data-align=\"center\">2020-2027<\/td><\/tr><tr><td class=\"has-text-align-center\" data-align=\"center\">Contadur\u00eda P\u00fablica<\/td><td class=\"has-text-align-center\" data-align=\"center\">Resoluci\u00f3n No. 018729<\/td><td class=\"has-text-align-center\" data-align=\"center\">2020-2027<\/td><\/tr><tr><td class=\"has-text-align-center\" data-align=\"center\">Derecho<\/td><td class=\"has-text-align-center\" data-align=\"center\">Resoluci\u00f3n No. 025207<\/td><td class=\"has-text-align-center\" data-align=\"center\">2024-2031<\/td><\/tr><tr><td class=\"has-text-align-center\" data-align=\"center\">Ingenier\u00eda Ambiental<\/td><td class=\"has-text-align-center\" data-align=\"center\">Resoluci\u00f3n No. 017449<\/td><td class=\"has-text-align-center\" data-align=\"center\">2020-2027<\/td><\/tr><tr><td class=\"has-text-align-center\" data-align=\"center\">Ingenier\u00eda Civil<\/td><td class=\"has-text-align-center\" data-align=\"center\">Acuerdo de Acreditaci\u00f3n <br>No. 044<\/td><td class=\"has-text-align-center\" data-align=\"center\">2019-2026<\/td><\/tr><tr><td class=\"has-text-align-center\" data-align=\"center\">Ingenier\u00eda de Sistemas<\/td><td class=\"has-text-align-center\" data-align=\"center\">Resoluci\u00f3n No. 003960<\/td><td class=\"has-text-align-center\" data-align=\"center\">2022-2030<\/td><\/tr><tr><td class=\"has-text-align-center\" data-align=\"center\">Ingenier\u00eda Mec\u00e1nica<\/td><td class=\"has-text-align-center\" data-align=\"center\">Resoluci\u00f3n No. 014470<\/td><td class=\"has-text-align-center\" data-align=\"center\">2022-2029<\/td><\/tr><tr><td class=\"has-text-align-center\" data-align=\"center\">Tecnolog\u00eda en Gesti\u00f3n Comercial y <br>Financiera<\/td><td class=\"has-text-align-center\" data-align=\"center\">Resoluci\u00f3n No. 024296<\/td><td class=\"has-text-align-center\" data-align=\"center\">2020-2027<\/td><\/tr><tr><td class=\"has-text-align-center\" data-align=\"center\">Zootecnia<\/td><td class=\"has-text-align-center\" data-align=\"center\">Resoluci\u00f3n No. 010014<\/td><td class=\"has-text-align-center\" data-align=\"center\">2023-2030<\/td><\/tr><\/tbody><\/table><\/figure>\n\n\n\n<p><\/p>\n","protected":false},"excerpt":{"rendered":"<p>En la Universidad Francisco de Paula Santander seccional Oca\u00f1a, el registro calificado representa el aval otorgado por el Ministerio de Educaci\u00f3n Nacional que garantiza que nuestros programas acad\u00e9micos cumplen con los est\u00e1ndares de calidad exigidos para su oferta y desarrollo. Este reconocimiento asegura que la formaci\u00f3n impartida responde a los criterios de pertinencia, solidez acad\u00e9mica&hellip;&nbsp;<a href=\"https:\/\/aseguramientodelacalidad.ufpso.edu.co\/?page_id=3971\" class=\"\" rel=\"bookmark\">Read More &raquo;<span class=\"screen-reader-text\">Registro calificado programas acad\u00e9micos<\/span><\/a><\/p>\n","protected":false},"author":1,"featured_media":0,"parent":0,"menu_order":0,"comment_status":"closed","ping_status":"closed","template":"","meta":{"neve_meta_sidebar":"full-width","neve_meta_container":"","neve_meta_enable_content_width":"on","neve_meta_content_width":100,"neve_meta_title_alignment":"","neve_meta_author_avatar":"","neve_post_elements_order":"","neve_meta_disable_header":"","neve_meta_disable_footer":"","neve_meta_disable_title":"","footnotes":""},"class_list":["post-3971","page","type-page","status-publish","hentry"],"_links":{"self":[{"href":"https:\/\/aseguramientodelacalidad.ufpso.edu.co\/index.php?rest_route=\/wp\/v2\/pages\/3971","targetHints":{"allow":["GET"]}}],"collection":[{"href":"https:\/\/aseguramientodelacalidad.ufpso.edu.co\/index.php?rest_route=\/wp\/v2\/pages"}],"about":[{"href":"https:\/\/aseguramientodelacalidad.ufpso.edu.co\/index.php?rest_route=\/wp\/v2\/types\/page"}],"author":[{"embeddable":true,"href":"https:\/\/aseguramientodelacalidad.ufpso.edu.co\/index.php?rest_route=\/wp\/v2\/users\/1"}],"replies":[{"embeddable":true,"href":"https:\/\/aseguramientodelacalidad.ufpso.edu.co\/index.php?rest_route=%2Fwp%2Fv2%2Fcomments&post=3971"}],"version-history":[{"count":5,"href":"https:\/\/aseguramientodelacalidad.ufpso.edu.co\/index.php?rest_route=\/wp\/v2\/pages\/3971\/revisions"}],"predecessor-version":[{"id":4276,"href":"https:\/\/aseguramientodelacalidad.ufpso.edu.co\/index.php?rest_route=\/wp\/v2\/pages\/3971\/revisions\/4276"}],"wp:attachment":[{"href":"https:\/\/aseguramientodelacalidad.ufpso.edu.co\/index.php?rest_route=%2Fwp%2Fv2%2Fmedia&parent=3971"}],"curies":[{"name":"wp","href":"https:\/\/api.w.org\/{rel}","templated":true}]}}