{"id":3975,"date":"2021-10-20T16:02:43","date_gmt":"2021-10-20T16:02:43","guid":{"rendered":"https:\/\/aseguramientodelacalidad.ufpso.edu.co\/?page_id=3975"},"modified":"2025-09-29T14:47:59","modified_gmt":"2025-09-29T14:47:59","slug":"acreditacion-internacional","status":"publish","type":"page","link":"https:\/\/aseguramientodelacalidad.ufpso.edu.co\/?page_id=3975","title":{"rendered":"Acreditaci\u00f3n internacional"},"content":{"rendered":"\n<div class=\"wp-block-group has-background is-vertical is-layout-flex wp-container-core-group-is-layout-1 wp-block-group-is-layout-flex\" style=\"background-color:#ffffff\">\n<p>La Universidad Francisco de Paula Santander seccional Oca\u00f1a avanza en su compromiso con la calidad y proyecci\u00f3n global, participando en procesos de acreditaci\u00f3n internacional como los del sistema ARCU-SUR del MERCOSUR, que promueven el reconocimiento acad\u00e9mico entre pa\u00edses de la regi\u00f3n.<\/p>\n\n\n\n<p>Este esfuerzo fortalece la movilidad estudiantil y docente, impulsa la doble titulaci\u00f3n y posiciona a nuestra universidad como una instituci\u00f3n con est\u00e1ndares de excelencia y apertura a la cooperaci\u00f3n internacional.<\/p>\n\n\n\n<figure class=\"wp-block-image size-large\"><img loading=\"lazy\" decoding=\"async\" width=\"1024\" height=\"576\" src=\"https:\/\/aseguramientodelacalidad.ufpso.edu.co\/wp-content\/uploads\/2025\/09\/El-texto-del-parrafo-1024x576.png\" alt=\"\" class=\"wp-image-4280\" srcset=\"https:\/\/aseguramientodelacalidad.ufpso.edu.co\/wp-content\/uploads\/2025\/09\/El-texto-del-parrafo-1024x576.png 1024w, https:\/\/aseguramientodelacalidad.ufpso.edu.co\/wp-content\/uploads\/2025\/09\/El-texto-del-parrafo-300x169.png 300w, https:\/\/aseguramientodelacalidad.ufpso.edu.co\/wp-content\/uploads\/2025\/09\/El-texto-del-parrafo-768x432.png 768w, https:\/\/aseguramientodelacalidad.ufpso.edu.co\/wp-content\/uploads\/2025\/09\/El-texto-del-parrafo-1536x864.png 1536w, https:\/\/aseguramientodelacalidad.ufpso.edu.co\/wp-content\/uploads\/2025\/09\/El-texto-del-parrafo.png 1920w\" sizes=\"auto, (max-width: 1024px) 100vw, 1024px\" \/><\/figure>\n<\/div>\n","protected":false},"excerpt":{"rendered":"<p>La Universidad Francisco de Paula Santander seccional Oca\u00f1a avanza en su compromiso con la calidad y proyecci\u00f3n global, participando en procesos de acreditaci\u00f3n internacional como los del sistema ARCU-SUR del MERCOSUR, que promueven el reconocimiento acad\u00e9mico entre pa\u00edses de la regi\u00f3n. Este esfuerzo fortalece la movilidad estudiantil y docente, impulsa la doble titulaci\u00f3n y posiciona&hellip;&nbsp;<a href=\"https:\/\/aseguramientodelacalidad.ufpso.edu.co\/?page_id=3975\" class=\"\" rel=\"bookmark\">Read More &raquo;<span class=\"screen-reader-text\">Acreditaci\u00f3n internacional<\/span><\/a><\/p>\n","protected":false},"author":1,"featured_media":0,"parent":0,"menu_order":0,"comment_status":"closed","ping_status":"closed","template":"","meta":{"neve_meta_sidebar":"full-width","neve_meta_container":"","neve_meta_enable_content_width":"on","neve_meta_content_width":100,"neve_meta_title_alignment":"","neve_meta_author_avatar":"","neve_post_elements_order":"","neve_meta_disable_header":"","neve_meta_disable_footer":"","neve_meta_disable_title":"","footnotes":""},"class_list":["post-3975","page","type-page","status-publish","hentry"],"_links":{"self":[{"href":"https:\/\/aseguramientodelacalidad.ufpso.edu.co\/index.php?rest_route=\/wp\/v2\/pages\/3975","targetHints":{"allow":["GET"]}}],"collection":[{"href":"https:\/\/aseguramientodelacalidad.ufpso.edu.co\/index.php?rest_route=\/wp\/v2\/pages"}],"about":[{"href":"https:\/\/aseguramientodelacalidad.ufpso.edu.co\/index.php?rest_route=\/wp\/v2\/types\/page"}],"author":[{"embeddable":true,"href":"https:\/\/aseguramientodelacalidad.ufpso.edu.co\/index.php?rest_route=\/wp\/v2\/users\/1"}],"replies":[{"embeddable":true,"href":"https:\/\/aseguramientodelacalidad.ufpso.edu.co\/index.php?rest_route=%2Fwp%2Fv2%2Fcomments&post=3975"}],"version-history":[{"count":24,"href":"https:\/\/aseguramientodelacalidad.ufpso.edu.co\/index.php?rest_route=\/wp\/v2\/pages\/3975\/revisions"}],"predecessor-version":[{"id":4448,"href":"https:\/\/aseguramientodelacalidad.ufpso.edu.co\/index.php?rest_route=\/wp\/v2\/pages\/3975\/revisions\/4448"}],"wp:attachment":[{"href":"https:\/\/aseguramientodelacalidad.ufpso.edu.co\/index.php?rest_route=%2Fwp%2Fv2%2Fmedia&parent=3975"}],"curies":[{"name":"wp","href":"https:\/\/api.w.org\/{rel}","templated":true}]}}