{"id":4112,"date":"2025-09-11T21:17:34","date_gmt":"2025-09-11T21:17:34","guid":{"rendered":"https:\/\/aseguramientodelacalidad.ufpso.edu.co\/?page_id=4112"},"modified":"2025-09-18T16:26:36","modified_gmt":"2025-09-18T16:26:36","slug":"acreditacion-de-programas-academicos","status":"publish","type":"page","link":"https:\/\/aseguramientodelacalidad.ufpso.edu.co\/?page_id=4112","title":{"rendered":"Acreditaci\u00f3n de Programas Acad\u00e9micos"},"content":{"rendered":"\n<p>La Universidad Francisco de Paula Santander seccional Oca\u00f1a ha consolidado su compromiso con la calidad acad\u00e9mica a trav\u00e9s de la acreditaci\u00f3n de alta calidad de los programas acad\u00e9micos: Ingenier\u00eda Mec\u00e1nica, Ingenier\u00eda de Sistemas, Administraci\u00f3n de empresas e Ingenier\u00eda Civil.<\/p>\n\n\n\n<p>Estos reconocimientos que nos otorga el Consejo Nacional de Acreditaci\u00f3n (CNA), reflejan la excelencia en la formaci\u00f3n profesional, la pertinencia social y el impacto regional que caracterizan a nuestra instituci\u00f3n.<\/p>\n\n\n\n<div class=\"wp-block-media-text is-stacked-on-mobile\" style=\"grid-template-columns:46% auto\"><figure class=\"wp-block-media-text__media\"><img loading=\"lazy\" decoding=\"async\" width=\"653\" height=\"268\" src=\"https:\/\/aseguramientodelacalidad.ufpso.edu.co\/wp-content\/uploads\/2025\/09\/m-1.jpg\" alt=\"\" class=\"wp-image-4116 size-full\" srcset=\"https:\/\/aseguramientodelacalidad.ufpso.edu.co\/wp-content\/uploads\/2025\/09\/m-1.jpg 653w, https:\/\/aseguramientodelacalidad.ufpso.edu.co\/wp-content\/uploads\/2025\/09\/m-1-300x123.jpg 300w\" sizes=\"auto, (max-width: 653px) 100vw, 653px\" \/><\/figure><div class=\"wp-block-media-text__content\">\n<p>Resoluci\u00f3n No. 014470 del 25 de Julio de 2022 Ministerio de Educaci\u00f3n Nacional \u2013 Acreditaci\u00f3n de alta calidad, vigencia 4 a\u00f1os (2022-2026)<\/p>\n<\/div><\/div>\n\n\n\n<div class=\"wp-block-media-text is-stacked-on-mobile\" style=\"grid-template-columns:47% auto\"><figure class=\"wp-block-media-text__media\"><img loading=\"lazy\" decoding=\"async\" width=\"713\" height=\"292\" src=\"https:\/\/aseguramientodelacalidad.ufpso.edu.co\/wp-content\/uploads\/2025\/09\/s-1.jpg\" alt=\"\" class=\"wp-image-4117 size-full\" srcset=\"https:\/\/aseguramientodelacalidad.ufpso.edu.co\/wp-content\/uploads\/2025\/09\/s-1.jpg 713w, https:\/\/aseguramientodelacalidad.ufpso.edu.co\/wp-content\/uploads\/2025\/09\/s-1-300x123.jpg 300w\" sizes=\"auto, (max-width: 713px) 100vw, 713px\" \/><\/figure><div class=\"wp-block-media-text__content\">\n<p>Resoluci\u00f3n No. 003960del 23 de marzo de 2022 Ministerio de Educaci\u00f3n Nacional \u2013 Acreditaci\u00f3n de alta calidad, vigencia 8 a\u00f1os (2022-2030)<\/p>\n<\/div><\/div>\n\n\n\n<div class=\"wp-block-media-text is-stacked-on-mobile\" style=\"grid-template-columns:47% auto\"><figure class=\"wp-block-media-text__media\"><img loading=\"lazy\" decoding=\"async\" width=\"698\" height=\"202\" src=\"https:\/\/aseguramientodelacalidad.ufpso.edu.co\/wp-content\/uploads\/2025\/09\/ad-1.png\" alt=\"\" class=\"wp-image-4118 size-full\" srcset=\"https:\/\/aseguramientodelacalidad.ufpso.edu.co\/wp-content\/uploads\/2025\/09\/ad-1.png 698w, https:\/\/aseguramientodelacalidad.ufpso.edu.co\/wp-content\/uploads\/2025\/09\/ad-1-300x87.png 300w\" sizes=\"auto, (max-width: 698px) 100vw, 698px\" \/><\/figure><div class=\"wp-block-media-text__content\">\n<p>Resoluci\u00f3n No. 008578 del 25 de mayo de 2023 Ministerio de Educaci\u00f3n Nacional \u2013 Acreditaci\u00f3n de alta calidad, vigencia 6 a\u00f1os (2023-2029)<\/p>\n<\/div><\/div>\n\n\n\n<div class=\"wp-block-media-text is-stacked-on-mobile\" style=\"grid-template-columns:49% auto\"><figure class=\"wp-block-media-text__media\"><img loading=\"lazy\" decoding=\"async\" width=\"1024\" height=\"420\" src=\"https:\/\/aseguramientodelacalidad.ufpso.edu.co\/wp-content\/uploads\/2025\/09\/civil-1024x420.jpeg\" alt=\"\" class=\"wp-image-4133 size-full\" srcset=\"https:\/\/aseguramientodelacalidad.ufpso.edu.co\/wp-content\/uploads\/2025\/09\/civil-1024x420.jpeg 1024w, https:\/\/aseguramientodelacalidad.ufpso.edu.co\/wp-content\/uploads\/2025\/09\/civil-300x123.jpeg 300w, https:\/\/aseguramientodelacalidad.ufpso.edu.co\/wp-content\/uploads\/2025\/09\/civil-768x315.jpeg 768w, https:\/\/aseguramientodelacalidad.ufpso.edu.co\/wp-content\/uploads\/2025\/09\/civil.jpeg 1526w\" sizes=\"auto, (max-width: 1024px) 100vw, 1024px\" \/><\/figure><div class=\"wp-block-media-text__content\">\n<p>Acuerdo de acreditaci\u00f3n No. 044 Consejo Nacional de Acreditaci\u00f3n (CNA)-Mercosur, vigencia 6 a\u00f1os (2022-2028)<\/p>\n<\/div><\/div>\n\n\n\n<div class=\"wp-block-buttons is-layout-flex wp-block-buttons-is-layout-flex\">\n<div class=\"wp-block-button is-style-secondary\"><a class=\"wp-block-button__link has-nv-site-bg-color has-text-color has-background has-link-color wp-element-button\" style=\"background-color:#d41224\">Actualmente nos encontramos adelantando procesos de acreditaci\u00f3n de alta calidad para los dem\u00e1s programas acad\u00e9micos, reafirmando NUESTRO compromiso con la excelencia y el mejoramiento continuo.<\/a><\/div>\n<\/div>\n\n\n\n<p><\/p>\n","protected":false},"excerpt":{"rendered":"<p>La Universidad Francisco de Paula Santander seccional Oca\u00f1a ha consolidado su compromiso con la calidad acad\u00e9mica a trav\u00e9s de la acreditaci\u00f3n de alta calidad de los programas acad\u00e9micos: Ingenier\u00eda Mec\u00e1nica, Ingenier\u00eda de Sistemas, Administraci\u00f3n de empresas e Ingenier\u00eda Civil. Estos reconocimientos que nos otorga el Consejo Nacional de Acreditaci\u00f3n (CNA), reflejan la excelencia en la&hellip;&nbsp;<a href=\"https:\/\/aseguramientodelacalidad.ufpso.edu.co\/?page_id=4112\" class=\"\" rel=\"bookmark\">Read More &raquo;<span class=\"screen-reader-text\">Acreditaci\u00f3n de Programas Acad\u00e9micos<\/span><\/a><\/p>\n","protected":false},"author":1,"featured_media":0,"parent":0,"menu_order":0,"comment_status":"closed","ping_status":"closed","template":"","meta":{"neve_meta_sidebar":"full-width","neve_meta_container":"","neve_meta_enable_content_width":"on","neve_meta_content_width":100,"neve_meta_title_alignment":"","neve_meta_author_avatar":"","neve_post_elements_order":"","neve_meta_disable_header":"","neve_meta_disable_footer":"","neve_meta_disable_title":"","footnotes":""},"class_list":["post-4112","page","type-page","status-publish","hentry"],"_links":{"self":[{"href":"https:\/\/aseguramientodelacalidad.ufpso.edu.co\/index.php?rest_route=\/wp\/v2\/pages\/4112","targetHints":{"allow":["GET"]}}],"collection":[{"href":"https:\/\/aseguramientodelacalidad.ufpso.edu.co\/index.php?rest_route=\/wp\/v2\/pages"}],"about":[{"href":"https:\/\/aseguramientodelacalidad.ufpso.edu.co\/index.php?rest_route=\/wp\/v2\/types\/page"}],"author":[{"embeddable":true,"href":"https:\/\/aseguramientodelacalidad.ufpso.edu.co\/index.php?rest_route=\/wp\/v2\/users\/1"}],"replies":[{"embeddable":true,"href":"https:\/\/aseguramientodelacalidad.ufpso.edu.co\/index.php?rest_route=%2Fwp%2Fv2%2Fcomments&post=4112"}],"version-history":[{"count":8,"href":"https:\/\/aseguramientodelacalidad.ufpso.edu.co\/index.php?rest_route=\/wp\/v2\/pages\/4112\/revisions"}],"predecessor-version":[{"id":4272,"href":"https:\/\/aseguramientodelacalidad.ufpso.edu.co\/index.php?rest_route=\/wp\/v2\/pages\/4112\/revisions\/4272"}],"wp:attachment":[{"href":"https:\/\/aseguramientodelacalidad.ufpso.edu.co\/index.php?rest_route=%2Fwp%2Fv2%2Fmedia&parent=4112"}],"curies":[{"name":"wp","href":"https:\/\/api.w.org\/{rel}","templated":true}]}}