{"id":4171,"date":"2025-09-15T14:05:08","date_gmt":"2025-09-15T14:05:08","guid":{"rendered":"https:\/\/aseguramientodelacalidad.ufpso.edu.co\/?page_id=4171"},"modified":"2025-09-18T16:33:50","modified_gmt":"2025-09-18T16:33:50","slug":"autoevaluacion-permanente","status":"publish","type":"page","link":"https:\/\/aseguramientodelacalidad.ufpso.edu.co\/?page_id=4171","title":{"rendered":"Autoevaluaci\u00f3n Permanente"},"content":{"rendered":"\n<p>La autoevaluaci\u00f3n permanente es un proceso sistem\u00e1tico y participativo mediante el cual la Universidad examina el cumplimiento de cada uno de los factores de calidad acad\u00e9mica e institucional definidos por el Ministerio de Educaci\u00f3n Nacional (MEN).<\/p>\n\n\n\n<p>Esta es una herramienta que asegura la mejora continua, fortalece la confianza y la comunicaci\u00f3n de la comunidad universitaria, destacando la instituci\u00f3n como referente de calidad, pertinencia y responsabilidad social en la educaci\u00f3n superior.<\/p>\n\n\n\n<p>A lo largo del proceso de autoevaluaci\u00f3n, la UFPSO ha demostrado una transformaci\u00f3n institucional profunda que se refleja en la consolidaci\u00f3n de una cultura de autoevaluaci\u00f3n robusta y participativa. La instituci\u00f3n ha integrado de manera efectiva su Proyecto Educativo Institucional (PEI) con los desaf\u00edos y necesidades del entorno local, nacional e internacional, ajustando sus programas acad\u00e9micos y desarrollando estrategias pedag\u00f3gicas para garantizar la formaci\u00f3n de profesionales competentes y comprometidos con la sociedad.<\/p>\n\n\n<div class=\"wp-block-image\">\n<figure class=\"aligncenter size-large is-resized\"><img loading=\"lazy\" decoding=\"async\" width=\"1024\" height=\"777\" src=\"https:\/\/aseguramientodelacalidad.ufpso.edu.co\/wp-content\/uploads\/2025\/09\/8-1024x777.png\" alt=\"\" class=\"wp-image-4173\" style=\"width:664px;height:auto\" srcset=\"https:\/\/aseguramientodelacalidad.ufpso.edu.co\/wp-content\/uploads\/2025\/09\/8-1024x777.png 1024w, https:\/\/aseguramientodelacalidad.ufpso.edu.co\/wp-content\/uploads\/2025\/09\/8-300x228.png 300w, https:\/\/aseguramientodelacalidad.ufpso.edu.co\/wp-content\/uploads\/2025\/09\/8-768x583.png 768w, https:\/\/aseguramientodelacalidad.ufpso.edu.co\/wp-content\/uploads\/2025\/09\/8.png 1228w\" sizes=\"auto, (max-width: 1024px) 100vw, 1024px\" \/><figcaption class=\"wp-element-caption\"><a href=\"https:\/\/ufpso.edu.co\/autoevaluacion\"><em>https:\/\/ufpso.edu.co\/autoevaluacion<\/em><\/a><\/figcaption><\/figure><\/div>","protected":false},"excerpt":{"rendered":"<p>La autoevaluaci\u00f3n permanente es un proceso sistem\u00e1tico y participativo mediante el cual la Universidad examina el cumplimiento de cada uno de los factores de calidad acad\u00e9mica e institucional definidos por el Ministerio de Educaci\u00f3n Nacional (MEN). Esta es una herramienta que asegura la mejora continua, fortalece la confianza y la comunicaci\u00f3n de la comunidad universitaria,&hellip;&nbsp;<a href=\"https:\/\/aseguramientodelacalidad.ufpso.edu.co\/?page_id=4171\" class=\"\" rel=\"bookmark\">Read More &raquo;<span class=\"screen-reader-text\">Autoevaluaci\u00f3n Permanente<\/span><\/a><\/p>\n","protected":false},"author":1,"featured_media":0,"parent":0,"menu_order":0,"comment_status":"closed","ping_status":"closed","template":"","meta":{"neve_meta_sidebar":"full-width","neve_meta_container":"","neve_meta_enable_content_width":"on","neve_meta_content_width":100,"neve_meta_title_alignment":"","neve_meta_author_avatar":"","neve_post_elements_order":"","neve_meta_disable_header":"","neve_meta_disable_footer":"","neve_meta_disable_title":"","footnotes":""},"class_list":["post-4171","page","type-page","status-publish","hentry"],"_links":{"self":[{"href":"https:\/\/aseguramientodelacalidad.ufpso.edu.co\/index.php?rest_route=\/wp\/v2\/pages\/4171","targetHints":{"allow":["GET"]}}],"collection":[{"href":"https:\/\/aseguramientodelacalidad.ufpso.edu.co\/index.php?rest_route=\/wp\/v2\/pages"}],"about":[{"href":"https:\/\/aseguramientodelacalidad.ufpso.edu.co\/index.php?rest_route=\/wp\/v2\/types\/page"}],"author":[{"embeddable":true,"href":"https:\/\/aseguramientodelacalidad.ufpso.edu.co\/index.php?rest_route=\/wp\/v2\/users\/1"}],"replies":[{"embeddable":true,"href":"https:\/\/aseguramientodelacalidad.ufpso.edu.co\/index.php?rest_route=%2Fwp%2Fv2%2Fcomments&post=4171"}],"version-history":[{"count":5,"href":"https:\/\/aseguramientodelacalidad.ufpso.edu.co\/index.php?rest_route=\/wp\/v2\/pages\/4171\/revisions"}],"predecessor-version":[{"id":4278,"href":"https:\/\/aseguramientodelacalidad.ufpso.edu.co\/index.php?rest_route=\/wp\/v2\/pages\/4171\/revisions\/4278"}],"wp:attachment":[{"href":"https:\/\/aseguramientodelacalidad.ufpso.edu.co\/index.php?rest_route=%2Fwp%2Fv2%2Fmedia&parent=4171"}],"curies":[{"name":"wp","href":"https:\/\/api.w.org\/{rel}","templated":true}]}}